{"id":34959,"date":"2026-04-16T18:21:55","date_gmt":"2026-04-16T16:21:55","guid":{"rendered":"https:\/\/dev.easyteam.org\/lissonemontalcini\/?page_id=34959"},"modified":"2026-04-16T18:21:55","modified_gmt":"2026-04-16T16:21:55","slug":"somministrazione-farmaci","status":"publish","type":"page","link":"https:\/\/dev.easyteam.org\/lissonemontalcini\/didattica\/somministrazione-farmaci\/","title":{"rendered":"Somministrazione farmaci"},"content":{"rendered":"<p>Gli studenti che frequentano l\u2019Istituto, a causa di patologie acute o croniche, possono avere la necessit\u00e0 della somministrazione di farmaci in ambito ed in orario scolastico. In tal caso, le famiglie dovranno seguire la procedura di seguito indicata.<\/p>\n<p>Procedura<\/p>\n<ol class=\"wp-block-list\">\n<li>La richiesta di somministrazione del farmaco deve essere inoltrata da parte di uno dei genitori o dal tutore al Dirigente Scolastico, utilizzando il modulo allegato e solo in presenza della prescrizione alla somministrazione rilasciata dal Medico Curante, dalla quale si evinca:<br \/>\u2212 l\u2019assoluta necessit\u00e0;<br \/>\u2212 l&#8217; indispensabilit\u00e0 della somministrazione in orario scolastico;<br \/>\u2212 la non discrezionalit\u00e0 da parte di chi somministra il farmaco, n\u00e9 in relazione ai tempi, n\u00e9 alla posologia, n\u00e9 alle modalit\u00e0 di somministrazione, n\u00e9 di conservazione del farmaco;<br \/>\u2212 la fattibilit\u00e0 della somministrazione da parte del personale non sanitario.<\/li>\n<li>La prescrizione medica deve contenere, esplicitati in modo chiaramente leggibile, senza possibilit\u00e0 di equivoci e\/o errori:<br \/>\u2212 nome e cognome dell\u2019allievo;<br \/>\u2212 nome commerciale del farmaco;<br \/>\u2212 dose da somministrare;<br \/>\u2212 modalit\u00e0 di somministrazione e di conservazione del farmaco;<br \/>\u2212 durata della terapia<\/li>\n<li>La validit\u00e0 della richiesta \u00e8 limitata al massimo alla durata dell&#8217;anno scolastico e va rinnovata nel caso di variazione del farmaco o di una delle condizioni descritte<\/li>\n<li>Al momento della consegna del farmaco a scuola, i docenti e i genitori compileranno l&#8217;apposito verbale. <\/li>\n<\/ol>\n<p><a href=\"http:\/\/www.iclissonesecondo.edu.it\/wp-content\/uploads\/2025\/10\/Modelli-per-la-richiesta-della-somminitrazione-dei-farmaci-2025-2026.pdf\" data-type=\"link\" data-id=\"http:\/\/www.iclissonesecondo.edu.it\/wp-content\/uploads\/2025\/10\/Modelli-per-la-richiesta-della-somminitrazione-dei-farmaci-2025-2026.pdf\">Modelli-per-la-richiesta-della-somminitrazione-dei-farmaci-2025-2026.pdf<\/a><\/p>\n<p><a href=\"http:\/\/www.iclissonesecondo.edu.it\/wp-content\/uploads\/2025\/09\/Nuovo-Protocollo-Somministrazione-Farmaci-a-scuola-1.pdf\" data-type=\"link\" data-id=\"http:\/\/www.iclissonesecondo.edu.it\/wp-content\/uploads\/2025\/09\/Nuovo-Protocollo-Somministrazione-Farmaci-a-scuola-1.pdf\">Nuovo-Protocollo-Somministrazione-Farmaci-a-scuola-1.pdf<\/a><\/p>\n<p><a href=\"http:\/\/www.iclissonesecondo.edu.it\/wp-content\/uploads\/2024\/09\/Modulo-06-Verbale-consegna-farmaco_i-Salvavita_indispensabile.pdf\">Verbale-consegna-farmaco_salvavita_indispensabile_<\/a><\/p>\n","protected":false},"excerpt":{"rendered":"<p>Gli studenti che frequentano l\u2019Istituto, a causa di patologie acute o croniche, possono avere la necessit\u00e0 della somministrazione di farmaci in ambito ed in orario scolastico. In tal caso, le famiglie dovranno seguire la procedura di [&hellip;]<\/p>\n","protected":false},"author":1,"featured_media":0,"parent":8,"menu_order":0,"comment_status":"closed","ping_status":"closed","template":"","meta":{"qubely_global_settings":"","qubely_interactions":"","advgb_blocks_editor_width":"","advgb_blocks_columns_visual_guide":"","footnotes":""},"tags":[440,485],"class_list":["post-34959","page","type-page","status-publish","hentry","tag-alunni","tag-docenti"],"coauthors":[],"author_meta":{"author_link":"https:\/\/dev.easyteam.org\/lissonemontalcini\/author\/easyadmin\/","display_name":"Webmaster"},"relative_dates":{"created":"Pubblicato 2 settimane fa","modified":"Aggiornato 2 settimane fa"},"absolute_dates":{"created":"Pubblicato il 16 Aprile 2026","modified":"Aggiornato il 16 Aprile 2026"},"absolute_dates_time":{"created":"Pubblicato il 16 Aprile 2026 18:21","modified":"Aggiornato il 16 Aprile 2026 18:21"},"featured_img_caption":"","featured_img":false,"series_order":"","publishpress_future_action":{"enabled":false,"date":"2026-05-06 12:05:35","action":"change-status","newStatus":"draft","terms":[],"taxonomy":"post_tag","extraData":[]},"publishpress_future_workflow_manual_trigger":{"enabledWorkflows":[]},"rttpg_featured_image_url":null,"rttpg_author":{"display_name":"Webmaster","author_link":"https:\/\/dev.easyteam.org\/lissonemontalcini\/author\/easyadmin\/"},"rttpg_comment":0,"rttpg_category":" <a href=\"https:\/\/dev.easyteam.org\/lissonemontalcini\/argomento\/alunni\/\" rel=\"tag\">alunni<\/a><a href=\"https:\/\/dev.easyteam.org\/lissonemontalcini\/argomento\/docenti\/\" rel=\"tag\">docenti<\/a>","rttpg_excerpt":"Gli studenti che frequentano l\u2019Istituto, a causa di patologie acute o croniche, possono avere la necessit\u00e0 della somministrazione di farmaci in ambito ed in orario scolastico. In tal caso, le famiglie dovranno seguire la procedura di [&hellip;]","post_mailing_queue_ids":[],"_links":{"self":[{"href":"https:\/\/dev.easyteam.org\/lissonemontalcini\/wp-json\/wp\/v2\/pages\/34959","targetHints":{"allow":["GET"]}}],"collection":[{"href":"https:\/\/dev.easyteam.org\/lissonemontalcini\/wp-json\/wp\/v2\/pages"}],"about":[{"href":"https:\/\/dev.easyteam.org\/lissonemontalcini\/wp-json\/wp\/v2\/types\/page"}],"author":[{"embeddable":true,"href":"https:\/\/dev.easyteam.org\/lissonemontalcini\/wp-json\/wp\/v2\/users\/1"}],"replies":[{"embeddable":true,"href":"https:\/\/dev.easyteam.org\/lissonemontalcini\/wp-json\/wp\/v2\/comments?post=34959"}],"version-history":[{"count":3,"href":"https:\/\/dev.easyteam.org\/lissonemontalcini\/wp-json\/wp\/v2\/pages\/34959\/revisions"}],"predecessor-version":[{"id":34962,"href":"https:\/\/dev.easyteam.org\/lissonemontalcini\/wp-json\/wp\/v2\/pages\/34959\/revisions\/34962"}],"up":[{"embeddable":true,"href":"https:\/\/dev.easyteam.org\/lissonemontalcini\/wp-json\/wp\/v2\/pages\/8"}],"wp:attachment":[{"href":"https:\/\/dev.easyteam.org\/lissonemontalcini\/wp-json\/wp\/v2\/media?parent=34959"}],"wp:term":[{"taxonomy":"post_tag","embeddable":true,"href":"https:\/\/dev.easyteam.org\/lissonemontalcini\/wp-json\/wp\/v2\/tags?post=34959"}],"curies":[{"name":"wp","href":"https:\/\/api.w.org\/{rel}","templated":true}]}}